{"id":889,"date":"2025-10-19T13:21:00","date_gmt":"2025-10-19T11:21:00","guid":{"rendered":"https:\/\/carolija-svijetla-salaj.com\/?page_id=889"},"modified":"2025-10-19T13:26:13","modified_gmt":"2025-10-19T11:26:13","slug":"kontakt-2","status":"publish","type":"page","link":"https:\/\/carolija-svijetla-salaj.com\/index.php\/de\/kontakt-2\/","title":{"rendered":"Kontakt"},"content":{"rendered":"\t\t<div data-elementor-type=\"wp-page\" data-elementor-id=\"889\" class=\"elementor elementor-889\">\n\t\t\t\t\t\t<section class=\"penci-section penci-dmcheck penci-elbg-activate penci-elbg-img penci-disSticky penci-structure-10 elementor-section elementor-top-section elementor-element elementor-element-56884df elementor-section-boxed elementor-section-height-default elementor-section-height-default\" data-id=\"56884df\" data-element_type=\"section\" data-e-type=\"section\" data-settings=\"{&quot;background_background&quot;:&quot;classic&quot;,&quot;shape_divider_bottom&quot;:&quot;mountains&quot;}\">\n\t\t\t\t\t<div class=\"elementor-shape elementor-shape-bottom\" aria-hidden=\"true\" data-negative=\"false\">\n\t\t\t<svg xmlns=\"http:\/\/www.w3.org\/2000\/svg\" viewBox=\"0 0 1000 100\" preserveAspectRatio=\"none\">\n\t<path class=\"elementor-shape-fill\" opacity=\"0.33\" d=\"M473,67.3c-203.9,88.3-263.1-34-320.3,0C66,119.1,0,59.7,0,59.7V0h1000v59.7 c0,0-62.1,26.1-94.9,29.3c-32.8,3.3-62.8-12.3-75.8-22.1C806,49.6,745.3,8.7,694.9,4.7S492.4,59,473,67.3z\"\/>\n\t<path class=\"elementor-shape-fill\" opacity=\"0.66\" d=\"M734,67.3c-45.5,0-77.2-23.2-129.1-39.1c-28.6-8.7-150.3-10.1-254,39.1 s-91.7-34.4-149.2,0C115.7,118.3,0,39.8,0,39.8V0h1000v36.5c0,0-28.2-18.5-92.1-18.5C810.2,18.1,775.7,67.3,734,67.3z\"\/>\n\t<path class=\"elementor-shape-fill\" d=\"M766.1,28.9c-200-57.5-266,65.5-395.1,19.5C242,1.8,242,5.4,184.8,20.6C128,35.8,132.3,44.9,89.9,52.5C28.6,63.7,0,0,0,0 h1000c0,0-9.9,40.9-83.6,48.1S829.6,47,766.1,28.9z\"\/>\n<\/svg>\t\t<\/div>\n\t\t\t\t\t<div class=\"elementor-container elementor-column-gap-no\">\n\t\t\t\t\t<div class=\"penci-ercol-100 penci-ercol-order-1 penci-sticky-ct    elementor-column elementor-col-100 elementor-top-column elementor-element elementor-element-af952a8\" data-id=\"af952a8\" data-element_type=\"column\" data-e-type=\"column\">\n\t\t\t<div class=\"elementor-widget-wrap elementor-element-populated\">\n\t\t\t\t\t\t<div class=\"elementor-element elementor-element-a15c2cb elementor-widget elementor-widget-penci-fancy_heading\" data-id=\"a15c2cb\" data-element_type=\"widget\" data-e-type=\"widget\" data-widget_type=\"penci-fancy_heading.default\">\n\t\t\t\t<div class=\"elementor-widget-container\">\n\t\t\t\t\t\t\t<div class=\"penci-fancy-heading penci-heading-text-center\">\n\t\t\t<div class=\"penci-fancy-heading-inner\">\n\t\t\t\t<h2 class=\"penci-heading-title\"><span class=\"inner-tit\">KONTAKT<\/span><\/h2>\t\t\t<\/div>\n\t\t<\/div>\n\t\t\t\t\t\t<\/div>\n\t\t\t\t<\/div>\n\t\t\t\t\t<\/div>\n\t\t<\/div>\n\t\t\t\t\t<\/div>\n\t\t<\/section>\n\t\t\t\t<section class=\"penci-section penci-disSticky penci-structure-30 elementor-section elementor-top-section elementor-element elementor-element-ff88de4 elementor-section-boxed elementor-section-height-default elementor-section-height-default\" data-id=\"ff88de4\" data-element_type=\"section\" data-e-type=\"section\">\n\t\t\t\t\t\t<div class=\"elementor-container elementor-column-gap-extended\">\n\t\t\t\t\t<div class=\"penci-ercol-33 penci-ercol-order-1 penci-sticky-sb penci-sidebarSC   elementor-column elementor-col-33 elementor-top-column elementor-element elementor-element-25e9fd5\" data-id=\"25e9fd5\" data-element_type=\"column\" data-e-type=\"column\">\n\t\t\t<div class=\"elementor-widget-wrap elementor-element-populated\">\n\t\t\t\t\t\t<div class=\"elementor-element elementor-element-41b07d3 elementor-widget elementor-widget-penci-info-box\" data-id=\"41b07d3\" data-element_type=\"widget\" data-e-type=\"widget\" data-widget_type=\"penci-info-box.default\">\n\t\t\t\t<div class=\"elementor-widget-container\">\n\t\t\t\t\t        <div id=\"penci_info_box_68803\" class=\"penci-block-vc penci-info-box penci-ibox-top-center penci-view-stacked penci-shape-circle\">\n            <div class=\"penci-ibox-inner penci-animation-grow\">\n\t\t\t\t\t\t\t\t<div class=\"penci-ibox-icon penci-ibox-icon--icon penci-icon penci-tibox-icon\"><span class=\"penci-ibox-icon-fa\"><i class=\"penci-ibox-icon--i fa fa-location-arrow\" aria-hidden=\"true\"><\/i><\/span><\/div>                <div class=\"penci-ibox-content-wrap\">\n\t\t\t\t\t\t\t\t\t\t<h3\n                            class=\"penci-ibox-title\">UNTERNEHMENSINFORMATIONEN<\/h3>\t\t\t\t\t\t\t\t\t\t                        <div class=\"penci-ibox-content\"><p>\ud83d\udccd <strong>Adresse:<\/strong><br data-start=\"118\" data-end=\"121\" \/>Ante Star\u010devi\u0107a 132, Grabovnica,<br data-start=\"153\" data-end=\"156\" \/>43240 \u010cazma, Hrvatska<\/p>\n<p>OIB: 71314033178<\/p>\n<p>EUID: HRSR.010132106<br \/>IBAN: HR4724840081135292644<\/p>\n<p>SWIFT: RZBHHR2X<\/p>\n<\/div>\t\t\t\t\t                <\/div>\n            <\/div>\n        <\/div>\n\t\t\t\t\t\t<\/div>\n\t\t\t\t<\/div>\n\t\t\t\t\t<\/div>\n\t\t<\/div>\n\t\t\t\t<div class=\"penci-ercol-33 penci-ercol-order-2 penci-sticky-sb penci-sidebarSC   elementor-column elementor-col-33 elementor-top-column elementor-element elementor-element-b9d2a7b\" data-id=\"b9d2a7b\" data-element_type=\"column\" data-e-type=\"column\">\n\t\t\t<div class=\"elementor-widget-wrap elementor-element-populated\">\n\t\t\t\t\t\t<div class=\"elementor-element elementor-element-c4d1707 elementor-widget elementor-widget-penci-info-box\" data-id=\"c4d1707\" data-element_type=\"widget\" data-e-type=\"widget\" data-widget_type=\"penci-info-box.default\">\n\t\t\t\t<div class=\"elementor-widget-container\">\n\t\t\t\t\t        <div id=\"penci_info_box_92557\" class=\"penci-block-vc penci-info-box penci-ibox-top-center penci-view-stacked penci-shape-circle\">\n            <div class=\"penci-ibox-inner penci-animation-grow\">\n\t\t\t\t\t\t\t\t<div class=\"penci-ibox-icon penci-ibox-icon--icon penci-icon penci-tibox-icon\"><span class=\"penci-ibox-icon-fa\"><i class=\"penci-ibox-icon--i fa fa-envelope-open\" aria-hidden=\"true\"><\/i><\/span><\/div>                <div class=\"penci-ibox-content-wrap\">\n\t\t\t\t\t\t\t\t\t\t<h3\n                            class=\"penci-ibox-title\">E-MAIL ADRESA<\/h3>\t\t\t\t\t\t\t\t\t\t                        <div class=\"penci-ibox-content\"><p>\ud83d\udce7 <strong data-start=\"213\" data-end=\"235\">Kontakt:<\/strong><br data-start=\"235\" data-end=\"238\" \/><a rel=\"noopener\" data-start=\"238\" data-end=\"313\">imanjesalaj@gmail.com<\/a><br data-start=\"313\" data-end=\"316\" \/>\ud83c\udf10 <a href=\"http:\/\/carolija-svijetla-salaj.com\/\" target=\"_new\" rel=\"noopener\" data-start=\"319\" data-end=\"389\">www.carolija-svijetla-salaj.com<\/a><br data-start=\"389\" data-end=\"392\" \/>\ud83d\udcf7 <a href=\"https:\/\/www.instagram.com\/carolijasvjetla\/\" target=\"_new\" rel=\"noopener\" data-start=\"395\" data-end=\"434\">Instagram<\/a> | \ud83d\udcd8 <a href=\"https:\/\/www.facebook.com\/carolijasvjetlaSalaj\/\" target=\"_new\" rel=\"noopener\" data-start=\"440\" data-end=\"477\">Facebook<\/a><\/p>\n<\/div>\t\t\t\t\t                <\/div>\n            <\/div>\n        <\/div>\n\t\t\t\t\t\t<\/div>\n\t\t\t\t<\/div>\n\t\t\t\t\t<\/div>\n\t\t<\/div>\n\t\t\t\t<div class=\"penci-ercol-33 penci-ercol-order-3 penci-sticky-sb penci-sidebarSC   elementor-column elementor-col-33 elementor-top-column elementor-element elementor-element-171e58d\" data-id=\"171e58d\" data-element_type=\"column\" data-e-type=\"column\">\n\t\t\t<div class=\"elementor-widget-wrap elementor-element-populated\">\n\t\t\t\t\t\t<div class=\"elementor-element elementor-element-b851fed elementor-widget elementor-widget-penci-info-box\" data-id=\"b851fed\" data-element_type=\"widget\" data-e-type=\"widget\" data-widget_type=\"penci-info-box.default\">\n\t\t\t\t<div class=\"elementor-widget-container\">\n\t\t\t\t\t        <div id=\"penci_info_box_51336\" class=\"penci-block-vc penci-info-box penci-ibox-top-center penci-view-stacked penci-shape-circle\">\n            <div class=\"penci-ibox-inner penci-animation-grow\">\n\t\t\t\t\t\t\t\t<div class=\"penci-ibox-icon penci-ibox-icon--icon penci-icon penci-tibox-icon\"><span class=\"penci-ibox-icon-fa\"><i class=\"penci-ibox-icon--i fa fa-phone\" aria-hidden=\"true\"><\/i><\/span><\/div>                <div class=\"penci-ibox-content-wrap\">\n\t\t\t\t\t\t\t\t\t\t<h3\n                            class=\"penci-ibox-title\">TELEFON 24\/7<\/h3>\t\t\t\t\t\t\t\t\t\t                        <div class=\"penci-ibox-content\"><p>\ud83d\udcde <strong>Rufen Sie uns an:<\/strong><br data-start=\"529\" data-end=\"532\" \/>+385 99 865 3411<\/p>\n<\/div>\t\t\t\t\t                <\/div>\n            <\/div>\n        <\/div>\n\t\t\t\t\t\t<\/div>\n\t\t\t\t<\/div>\n\t\t\t\t\t<\/div>\n\t\t<\/div>\n\t\t\t\t\t<\/div>\n\t\t<\/section>\n\t\t\t\t<section class=\"penci-section penci-disSticky penci-structure-20 elementor-section elementor-top-section elementor-element elementor-element-1bef429 elementor-section-content-middle elementor-section-boxed elementor-section-height-default elementor-section-height-default\" data-id=\"1bef429\" data-element_type=\"section\" data-e-type=\"section\">\n\t\t\t\t\t\t<div class=\"elementor-container elementor-column-gap-no\">\n\t\t\t\t\t<div class=\"penci-ercol-50 penci-ercol-order-1 penci-sticky-ct    elementor-column elementor-col-50 elementor-top-column elementor-element elementor-element-d58d29d\" data-id=\"d58d29d\" data-element_type=\"column\" data-e-type=\"column\">\n\t\t\t<div class=\"elementor-widget-wrap elementor-element-populated\">\n\t\t\t\t\t\t<div class=\"elementor-element elementor-element-1954afa elementor-widget elementor-widget-penci-map\" data-id=\"1954afa\" data-element_type=\"widget\" data-e-type=\"widget\" data-widget_type=\"penci-map.default\">\n\t\t\t\t<div class=\"elementor-widget-container\">\n\t\t\t\t\t<iframe style=\"width:100%;height:570px\" id=\"penci_map_57367\" class=\"penci-block-vc penci-lazy no-api\" data-src=\"https:\/\/maps.google.com\/maps?q=Ante%20Star%C4%8Devi%C4%87a%20132%2C%20Grabovnica&#038;t=m&#038;z=13&#038;output=embed&#038;iwloc=near&#038;maptype=road\"><\/iframe>\t\t\t\t<\/div>\n\t\t\t\t<\/div>\n\t\t\t\t\t<\/div>\n\t\t<\/div>\n\t\t\t\t<div class=\"penci-ercol-50 penci-ercol-order-2 penci-sticky-ct  penci-dmcheck penci-elbg-activate  elementor-column elementor-col-50 elementor-top-column elementor-element elementor-element-83863c9\" data-id=\"83863c9\" data-element_type=\"column\" data-e-type=\"column\" data-settings=\"{&quot;background_background&quot;:&quot;classic&quot;}\">\n\t\t\t<div class=\"elementor-widget-wrap elementor-element-populated\">\n\t\t\t\t\t\t<div class=\"elementor-element elementor-element-f37fb8d elementor-view-default elementor-widget elementor-widget-icon\" data-id=\"f37fb8d\" data-element_type=\"widget\" data-e-type=\"widget\" data-widget_type=\"icon.default\">\n\t\t\t\t<div class=\"elementor-widget-container\">\n\t\t\t\t\t\t\t<div class=\"elementor-icon-wrapper\">\n\t\t\t<div class=\"elementor-icon\">\n\t\t\t<i aria-hidden=\"true\" class=\"fas fa-phone-alt\"><\/i>\t\t\t<\/div>\n\t\t<\/div>\n\t\t\t\t\t\t<\/div>\n\t\t\t\t<\/div>\n\t\t\t\t<div class=\"elementor-element elementor-element-56fcb24 elementor-widget elementor-widget-penci-fancy_heading\" data-id=\"56fcb24\" data-element_type=\"widget\" data-e-type=\"widget\" data-widget_type=\"penci-fancy_heading.default\">\n\t\t\t\t<div class=\"elementor-widget-container\">\n\t\t\t\t\t\t\t<div class=\"penci-fancy-heading penci-heading-text-center\">\n\t\t\t<div class=\"penci-fancy-heading-inner\">\n\t\t\t\t<h2 class=\"penci-heading-title\"><span class=\"inner-tit\">Kontaktieren Sie uns<\/span><\/h2><div class=\"penci-heading-content entry-content\"><p>Haben Sie Fragen zu Ihrem Besuch beim Zauber des Lichts? M\u00f6chten Sie einen Gruppenausflug reservieren oder mehr \u00fcber die Angebote erfahren? Senden Sie uns eine Nachricht \u2013 wir melden uns so schnell wie m\u00f6glich bei Ihnen!<\/p>\n<\/div>\t\t\t<\/div>\n\t\t<\/div>\n\t\t\t\t\t\t<\/div>\n\t\t\t\t<\/div>\n\t\t\t\t<div class=\"elementor-element elementor-element-b96d343 elementor-widget elementor-widget-shortcode\" data-id=\"b96d343\" data-element_type=\"widget\" data-e-type=\"widget\" data-widget_type=\"shortcode.default\">\n\t\t\t\t<div class=\"elementor-widget-container\">\n\t\t\t\t\t\t\t<div class=\"elementor-shortcode\">\n<div class=\"wpcf7 no-js\" id=\"wpcf7-f8-o1\" lang=\"hr\" dir=\"ltr\" data-wpcf7-id=\"8\">\n<div class=\"screen-reader-response\"><p role=\"status\" aria-live=\"polite\" aria-atomic=\"true\"><\/p> <ul><\/ul><\/div>\n<form action=\"\/index.php\/wp-json\/wp\/v2\/pages\/889#wpcf7-f8-o1\" method=\"post\" class=\"wpcf7-form init\" aria-label=\"Kontakt obrazac\" novalidate=\"novalidate\" data-status=\"init\">\n<fieldset class=\"hidden-fields-container\"><input type=\"hidden\" name=\"_wpcf7\" value=\"8\" \/><input type=\"hidden\" name=\"_wpcf7_version\" value=\"6.1.5\" \/><input type=\"hidden\" name=\"_wpcf7_locale\" value=\"hr\" \/><input type=\"hidden\" name=\"_wpcf7_unit_tag\" value=\"wpcf7-f8-o1\" \/><input type=\"hidden\" name=\"_wpcf7_container_post\" value=\"0\" \/><input type=\"hidden\" name=\"_wpcf7_posted_data_hash\" value=\"\" \/><input type=\"hidden\" name=\"_wpcf7_recaptcha_response\" value=\"\" \/>\n<\/fieldset>\n<p><label> Va\u0161e ime<br \/>\n<span class=\"wpcf7-form-control-wrap\" data-name=\"your-name\"><input size=\"40\" maxlength=\"400\" class=\"wpcf7-form-control wpcf7-text wpcf7-validates-as-required\" autocomplete=\"name\" aria-required=\"true\" aria-invalid=\"false\" value=\"\" type=\"text\" name=\"your-name\" \/><\/span> <\/label>\n<\/p>\n<p><label> Va\u0161 email<br \/>\n<span class=\"wpcf7-form-control-wrap\" data-name=\"your-email\"><input size=\"40\" maxlength=\"400\" class=\"wpcf7-form-control wpcf7-email wpcf7-validates-as-required wpcf7-text wpcf7-validates-as-email\" autocomplete=\"email\" aria-required=\"true\" aria-invalid=\"false\" value=\"\" type=\"email\" name=\"your-email\" \/><\/span> <\/label>\n<\/p>\n<p><label> Naslov<br \/>\n<span class=\"wpcf7-form-control-wrap\" data-name=\"your-subject\"><input size=\"40\" maxlength=\"400\" class=\"wpcf7-form-control wpcf7-text wpcf7-validates-as-required\" aria-required=\"true\" aria-invalid=\"false\" value=\"\" type=\"text\" name=\"your-subject\" \/><\/span> <\/label>\n<\/p>\n<p><label> Va\u0161a poruka (neobavezno)<br \/>\n<span class=\"wpcf7-form-control-wrap\" data-name=\"your-message\"><textarea cols=\"40\" rows=\"10\" maxlength=\"2000\" class=\"wpcf7-form-control wpcf7-textarea\" aria-invalid=\"false\" name=\"your-message\"><\/textarea><\/span> <\/label>\n<\/p>\n<p><input class=\"wpcf7-form-control wpcf7-submit has-spinner\" type=\"submit\" value=\"Po\u0161alji\" \/>\n<\/p><p style=\"display: none !important;\" class=\"akismet-fields-container\" data-prefix=\"_wpcf7_ak_\"><label>&#916;<textarea name=\"_wpcf7_ak_hp_textarea\" cols=\"45\" rows=\"8\" maxlength=\"100\"><\/textarea><\/label><input type=\"hidden\" id=\"ak_js_1\" name=\"_wpcf7_ak_js\" value=\"101\"\/><script type=\"text\/javascript\">\n\/* <![CDATA[ *\/\ndocument.getElementById( \"ak_js_1\" ).setAttribute( \"value\", ( new Date() ).getTime() );\n\/* ]]> *\/\n<\/script>\n<\/p><div class=\"wpcf7-response-output\" aria-hidden=\"true\"><\/div>\n<\/form>\n<\/div>\n<\/div>\n\t\t\t\t\t\t<\/div>\n\t\t\t\t<\/div>\n\t\t\t\t\t<\/div>\n\t\t<\/div>\n\t\t\t\t\t<\/div>\n\t\t<\/section>\n\t\t\t\t<section class=\"penci-section penci-dmcheck penci-elbg-activate penci-elbg-img penci-disSticky penci-structure-10 elementor-section elementor-top-section elementor-element elementor-element-4d5c2f9 elementor-section-boxed elementor-section-height-default elementor-section-height-default\" data-id=\"4d5c2f9\" data-element_type=\"section\" data-e-type=\"section\" data-settings=\"{&quot;background_background&quot;:&quot;classic&quot;,&quot;shape_divider_top&quot;:&quot;mountains&quot;}\">\n\t\t\t\t\t\t\t<div class=\"elementor-background-overlay\"><\/div>\n\t\t\t\t\t\t<div class=\"elementor-shape elementor-shape-top\" aria-hidden=\"true\" data-negative=\"false\">\n\t\t\t<svg xmlns=\"http:\/\/www.w3.org\/2000\/svg\" viewBox=\"0 0 1000 100\" preserveAspectRatio=\"none\">\n\t<path class=\"elementor-shape-fill\" opacity=\"0.33\" d=\"M473,67.3c-203.9,88.3-263.1-34-320.3,0C66,119.1,0,59.7,0,59.7V0h1000v59.7 c0,0-62.1,26.1-94.9,29.3c-32.8,3.3-62.8-12.3-75.8-22.1C806,49.6,745.3,8.7,694.9,4.7S492.4,59,473,67.3z\"\/>\n\t<path class=\"elementor-shape-fill\" opacity=\"0.66\" d=\"M734,67.3c-45.5,0-77.2-23.2-129.1-39.1c-28.6-8.7-150.3-10.1-254,39.1 s-91.7-34.4-149.2,0C115.7,118.3,0,39.8,0,39.8V0h1000v36.5c0,0-28.2-18.5-92.1-18.5C810.2,18.1,775.7,67.3,734,67.3z\"\/>\n\t<path class=\"elementor-shape-fill\" d=\"M766.1,28.9c-200-57.5-266,65.5-395.1,19.5C242,1.8,242,5.4,184.8,20.6C128,35.8,132.3,44.9,89.9,52.5C28.6,63.7,0,0,0,0 h1000c0,0-9.9,40.9-83.6,48.1S829.6,47,766.1,28.9z\"\/>\n<\/svg>\t\t<\/div>\n\t\t\t\t\t<div class=\"elementor-container elementor-column-gap-no\">\n\t\t\t\t\t<div class=\"penci-ercol-100 penci-ercol-order-1 penci-sticky-ct    elementor-column elementor-col-100 elementor-top-column elementor-element elementor-element-aae43a7\" data-id=\"aae43a7\" data-element_type=\"column\" data-e-type=\"column\">\n\t\t\t<div class=\"elementor-widget-wrap elementor-element-populated\">\n\t\t\t\t\t\t<div class=\"elementor-element elementor-element-2c73dd9 elementor-widget elementor-widget-penci-fancy_heading\" data-id=\"2c73dd9\" data-element_type=\"widget\" data-e-type=\"widget\" data-widget_type=\"penci-fancy_heading.default\">\n\t\t\t\t<div class=\"elementor-widget-container\">\n\t\t\t\t\t\t\t<div class=\"penci-fancy-heading penci-heading-text-center\">\n\t\t\t<div class=\"penci-fancy-heading-inner\">\n\t\t\t\t<h2 class=\"penci-heading-title\"><span class=\"inner-tit\">ERLEBEN SIE DEN ZAUBER DES LICHTS<\/span><\/h2><div class=\"penci-heading-content entry-content\"><p>\u2728 Millionen Lichter, m\u00e4rchenhafte Szenerien und festliche Atmosph\u00e4re erwarten Sie in einem einzigartigen Ambiente. Begeben Sie sich auf einen Spaziergang entlang der erleuchteten Wege und schaffen Sie Erinnerungen, die ein Leben lang bleiben!<\/p>\n<p>\ud83d\udcf8 Halten Sie magische Momente fest, teilen Sie sie mit Ihren Liebsten und werden Sie Teil dieser festlichen Geschichte.<\/p>\n<p>\ud83c\udf84 Wir sehen uns beim Zauber des Lichts!<\/p>\n<\/div>\t\t\t<\/div>\n\t\t<\/div>\n\t\t\t\t\t\t<\/div>\n\t\t\t\t<\/div>\n\t\t\t\t<div class=\"elementor-element elementor-element-2fc86b5 elementor-view-default elementor-widget elementor-widget-icon\" data-id=\"2fc86b5\" data-element_type=\"widget\" data-e-type=\"widget\" data-widget_type=\"icon.default\">\n\t\t\t\t<div class=\"elementor-widget-container\">\n\t\t\t\t\t\t\t<div class=\"elementor-icon-wrapper\">\n\t\t\t<div class=\"elementor-icon\">\n\t\t\t<i aria-hidden=\"true\" class=\"fas fa-paper-plane\"><\/i>\t\t\t<\/div>\n\t\t<\/div>\n\t\t\t\t\t\t<\/div>\n\t\t\t\t<\/div>\n\t\t\t\t\t<\/div>\n\t\t<\/div>\n\t\t\t\t\t<\/div>\n\t\t<\/section>\n\t\t\t\t<\/div>\n\t\t","protected":false},"excerpt":{"rendered":"<p>KONTAKT UNTERNEHMENSINFORMATIONEN \ud83d\udccd Adresse:Ante Star\u010devi\u0107a 132, Grabovnica,43240 \u010cazma, Hrvatska OIB: 71314033178 EUID: HRSR.010132106IBAN: HR4724840081135292644 SWIFT: RZBHHR2X E-MAIL ADRESA \ud83d\udce7 Kontakt:imanjesalaj@gmail.com\ud83c\udf10 www.carolija-svijetla-salaj.com\ud83d\udcf7 Instagram | \ud83d\udcd8 Facebook TELEFON 24\/7 \ud83d\udcde Rufen Sie&hellip;<\/p>\n","protected":false},"author":1,"featured_media":0,"parent":0,"menu_order":0,"comment_status":"closed","ping_status":"closed","template":"page-fullwidth.php","meta":{"_lmt_disableupdate":"","_lmt_disable":"","footnotes":""},"class_list":["post-889","page","type-page","status-publish","hentry"],"_links":{"self":[{"href":"https:\/\/carolija-svijetla-salaj.com\/index.php\/wp-json\/wp\/v2\/pages\/889","targetHints":{"allow":["GET"]}}],"collection":[{"href":"https:\/\/carolija-svijetla-salaj.com\/index.php\/wp-json\/wp\/v2\/pages"}],"about":[{"href":"https:\/\/carolija-svijetla-salaj.com\/index.php\/wp-json\/wp\/v2\/types\/page"}],"author":[{"embeddable":true,"href":"https:\/\/carolija-svijetla-salaj.com\/index.php\/wp-json\/wp\/v2\/users\/1"}],"replies":[{"embeddable":true,"href":"https:\/\/carolija-svijetla-salaj.com\/index.php\/wp-json\/wp\/v2\/comments?post=889"}],"version-history":[{"count":4,"href":"https:\/\/carolija-svijetla-salaj.com\/index.php\/wp-json\/wp\/v2\/pages\/889\/revisions"}],"predecessor-version":[{"id":893,"href":"https:\/\/carolija-svijetla-salaj.com\/index.php\/wp-json\/wp\/v2\/pages\/889\/revisions\/893"}],"wp:attachment":[{"href":"https:\/\/carolija-svijetla-salaj.com\/index.php\/wp-json\/wp\/v2\/media?parent=889"}],"curies":[{"name":"wp","href":"https:\/\/api.w.org\/{rel}","templated":true}]}}